{"id":33,"date":"2023-06-20T19:16:11","date_gmt":"2023-06-20T19:16:11","guid":{"rendered":"https:\/\/nowak-adwokat.pl\/?page_id=33"},"modified":"2024-12-24T00:54:53","modified_gmt":"2024-12-24T00:54:53","slug":"cennik","status":"publish","type":"page","link":"https:\/\/nowak-adwokat.pl\/index.php\/cennik\/","title":{"rendered":"Cennik"},"content":{"rendered":"\n<p>Porada prawna w sprawie wynosi od 100 do 300 z\u0142 (45 &#8211; 60min.).<\/p>\n\n\n\n<p>Porada prawna online \u2013 200 z\u0142 (45 \u2013 60min.)<\/p>\n\n\n\n<p>Sporz\u0105dzenia pisma procesowego, prowadzenie sprawy jestem w stanie wskaza\u0107 po zapoznaniu si\u0119 ze stanem faktycznym Pa\u0144stwa sprawy.<\/p>\n\n\n\n<p>Przy ustalaniu ostatecznego wynagrodzenia kieruj\u0119 si\u0119 oficjalnymi stawkami, kt\u00f3re Minister Sprawiedliwo\u015bci okre\u015bli\u0142 w rozporz\u0105dzeniu z dnia 22 pa\u017adziernika 2015 r. w sprawie op\u0142at za czynno\u015bci adwokackie (Dz. U. z 2015, poz. 1800 z p\u00f3\u017an. zm.).<\/p>\n\n\n\n<p><strong>Wynagrodzenie pobierane jest z g\u00f3ry, w chwili przyj\u0119cia zlecenie prowadzenia sprawy. Wychodz\u0105c naprzeciw osobom znajduj\u0105cym si\u0119 w trudnej sytuacji finansowej, wprowadzi\u0142em mo\u017cliwo\u015b\u0107 zap\u0142aty ustalonej kwoty w ratach. Liczba rat i okres sp\u0142aty, ustalane s\u0105 indywidualnie.<\/strong><\/p>\n\n\n\n<p><strong>Wysoko\u015b\u0107 wynagrodzenia jest uzale\u017cniona g\u0142\u00f3wnie od czynnik\u00f3w takich jak: stopie\u0144 skomplikowania sprawy, obszerno\u015b\u0107 post\u0119powania, ilo\u015bci dowod\u00f3w, kt\u00f3re nale\u017cy przeprowadzi\u0107 w post\u0119powaniu, odleg\u0142o\u015bci organu od siedziby Kancelarii oraz po\u015bwi\u0119conego czasu.&nbsp;<\/strong><\/p>\n\n\n\n<p><strong>Wysoko\u015b\u0107 honorarium r\u00f3\u017cni si\u0119 co do zasady w zale\u017cno\u015bci od warto\u015bci przedmiotu sporu.<\/strong><\/p>\n\n\n\n<p><\/p>\n\n\n\n<div style=\"height:56px\" aria-hidden=\"true\" class=\"wp-block-spacer\"><\/div>\n\n\n\n<p><strong>Metody rozlicze\u0144:<\/strong><\/p>\n\n\n\n<ol>\n<li><strong>System godzinowy<\/strong> &#8211; &nbsp;to forma zap\u0142aty, w kt\u00f3rej Klient raz w miesi\u0105cu otrzymuje dok\u0142adne rozliczenie godzin pracy przeznaczonych na rozwi\u0105zanie danej sprawy. Sprawdza si\u0119 przede wszystkim u os\u00f3b, kt\u00f3re us\u0142ug adwokackich potrzebuj\u0105 od czasu do czasu.<\/li>\n\n\n\n<li><strong>Rycza\u0142t<\/strong> &#8211; to sta\u0142ej wysoko\u015bci stawka uiszczana co miesi\u0105c. Zalet\u0105 tego rozwi\u0105zania jest przede wszystkim brak limitu powierzanych spraw, brak limitu godzinowego pracy adwokata. Nie ma konieczno\u015bci p\u0142acenia za ka\u017cd\u0105 spraw\u0119 osobno. Klient ma sta\u0142y kontakt z adwokatem. Porady prawne udzielane s\u0105 na bie\u017c\u0105co, r\u00f3wnie\u017c przez telefon.<\/li>\n\n\n\n<li><strong>Rozliczenie mieszane<\/strong> &#8211; to po\u0142\u0105czenie rycza\u0142tu z rozliczeniem godzinowym. Klient ustala z Kancelari\u0105 kwot\u0119, kt\u00f3r\u0105 zap\u0142aci za okre\u015blon\u0105 liczb\u0119 godzin pracy prawnika. Je\u015bli po wyczerpaniu limitu godzin Klient b\u0119dzie chcia\u0142 skorzysta\u0107 z us\u0142ug prawniczych, naliczona zostanie stawka godzinowa. Na tym sposobie rozliczania skorzystaj\u0105 przede wszystkim Klienci, kt\u00f3rzy na co dzie\u0144 potrzebuj\u0105 pomocy prawnej w mniejszym zakresie, a okresowo musz\u0105 zwi\u0119kszy\u0107 intensywno\u015b\u0107 wsp\u00f3\u0142pracy z prawnikiem.<\/li>\n\n\n\n<li><strong>Premia od sukcesu &#8211; success fee<\/strong> &#8211; to rozliczenie, kt\u00f3re stosuje si\u0119 po to, aby Klient mia\u0142 pewno\u015b\u0107, \u017ce jego sukces b\u0119dzie r\u00f3wnie\u017c moim sukcesem. W tym przypadku wynagrodzenie sk\u0142ada si\u0119 z kwoty nale\u017cnej za prowadzenie sprawy, kt\u00f3ra mo\u017ce by\u0107 nawet ni\u017csza od stawki minimalnej okre\u015blonej we wskazanym wy\u017cej rozporz\u0105dzeniu, oraz premii, kt\u00f3r\u0105 jest z g\u00f3ry okre\u015blony procent od warto\u015bci sprawy w przypadku jej wygrania lub osi\u0105gni\u0119cia korzystnej dla Klienta ugody. Procent ten jest indywidualnie ustalany z Klientem.<\/li>\n<\/ol>\n\n\n\n<p>Stawki minimalne w sprawach cywilnych tak\u017ce zosta\u0142y okre\u015blone w rozporz\u0105dzeniu Ministra Sprawiedliwo\u015bci z dnia 22 pa\u017adziernika 2015 r. w sprawie op\u0142at za czynno\u015bci adwokackie (Dz. U. z 2015, poz. 1800 z p\u00f3\u017an. zm.) i co do zasady wynosz\u0105:<\/p>\n\n\n\n<ol>\n<li>do 500 z\u0142 \u2013 90 z\u0142;<\/li>\n\n\n\n<li>powy\u017cej 500 z\u0142 do 1500 z\u0142 \u2013 270 z\u0142;<\/li>\n\n\n\n<li>powy\u017cej 1500 z\u0142 do 5000 z\u0142 \u2013 900 z\u0142;<\/li>\n\n\n\n<li>powy\u017cej 5000 z\u0142 do 10 000 z\u0142 \u2013 1800 z\u0142;<\/li>\n\n\n\n<li>powy\u017cej 10 000 z\u0142 do 50 000 z\u0142 \u2013 3600 z\u0142;<\/li>\n\n\n\n<li>powy\u017cej 50 000 z\u0142 do 200 000 z\u0142 \u2013 5400 z\u0142;<\/li>\n\n\n\n<li>powy\u017cej 200 000 z\u0142 do 2 000 000 z\u0142 \u2013 10 800 z\u0142;<\/li>\n\n\n\n<li>powy\u017cej 2 000 000 z\u0142 do 5 000 000 z\u0142 \u2013 15 000 z\u0142;<\/li>\n\n\n\n<li>powy\u017cej 5 000 000 z\u0142 \u2013 25 000 z\u0142.<\/li>\n<\/ol>\n","protected":false},"excerpt":{"rendered":"<p>Porada prawna w sprawie wynosi od 100 do 300 z\u0142 (45 &#8211; 60min.). Porada prawna online \u2013 200 z\u0142 (45 \u2013 60min.) Sporz\u0105dzenia pisma procesowego, prowadzenie sprawy jestem w stanie wskaza\u0107 po zapoznaniu si\u0119 ze stanem faktycznym Pa\u0144stwa sprawy. Przy ustalaniu ostatecznego wynagrodzenia kieruj\u0119 si\u0119 oficjalnymi stawkami, kt\u00f3re Minister Sprawiedliwo\u015bci okre\u015bli\u0142 w rozporz\u0105dzeniu z dnia [&hellip;]<\/p>\n","protected":false},"author":1,"featured_media":0,"parent":0,"menu_order":0,"comment_status":"closed","ping_status":"closed","template":"","meta":[],"_links":{"self":[{"href":"https:\/\/nowak-adwokat.pl\/index.php\/wp-json\/wp\/v2\/pages\/33"}],"collection":[{"href":"https:\/\/nowak-adwokat.pl\/index.php\/wp-json\/wp\/v2\/pages"}],"about":[{"href":"https:\/\/nowak-adwokat.pl\/index.php\/wp-json\/wp\/v2\/types\/page"}],"author":[{"embeddable":true,"href":"https:\/\/nowak-adwokat.pl\/index.php\/wp-json\/wp\/v2\/users\/1"}],"replies":[{"embeddable":true,"href":"https:\/\/nowak-adwokat.pl\/index.php\/wp-json\/wp\/v2\/comments?post=33"}],"version-history":[{"count":9,"href":"https:\/\/nowak-adwokat.pl\/index.php\/wp-json\/wp\/v2\/pages\/33\/revisions"}],"predecessor-version":[{"id":181,"href":"https:\/\/nowak-adwokat.pl\/index.php\/wp-json\/wp\/v2\/pages\/33\/revisions\/181"}],"wp:attachment":[{"href":"https:\/\/nowak-adwokat.pl\/index.php\/wp-json\/wp\/v2\/media?parent=33"}],"curies":[{"name":"wp","href":"https:\/\/api.w.org\/{rel}","templated":true}]}}