{"id":31,"date":"2023-06-20T19:15:41","date_gmt":"2023-06-20T19:15:41","guid":{"rendered":"https:\/\/nowak-adwokat.pl\/?page_id=31"},"modified":"2023-06-20T19:15:41","modified_gmt":"2023-06-20T19:15:41","slug":"prawo-rodzinne","status":"publish","type":"page","link":"https:\/\/nowak-adwokat.pl\/index.php\/prawo-rodzinne\/","title":{"rendered":"Prawo rodzinne"},"content":{"rendered":"\n<p><strong>udzielanie porad prawnych, sporz\u0105dzanie pism przeds\u0105dowych, jak r\u00f3wnie\u017c pism procesowych, w tym np. pozew o rozw\u00f3d, pozew o alimenty oraz zast\u0119pstwo stron w sprawach s\u0105dowych, np. w sprawie o rozw\u00f3d, w sprawie o alimenty, w sprawie o kontakty z dzieckiem, w sprawie o w\u0142adz\u0119 rodzicielsk\u0105. Obejmuj\u0105 m.in. sprawy zwi\u0105zane z:<\/strong><\/p>\n\n\n\n<p>&#8211; rozwodem i separacj\u0105<\/p>\n\n\n\n<p>&#8211; uniewa\u017cnieniem ma\u0142\u017ce\u0144stwa<\/p>\n\n\n\n<p>&#8211; rozstrzyganiem istotnych spraw rodzinnych<\/p>\n\n\n\n<p>&#8211; podzia\u0142em maj\u0105tku wsp\u00f3lnego po ustaniu ma\u0142\u017ce\u0144stwa<\/p>\n\n\n\n<p>&#8211; ustanowieniem ma\u0142\u017ce\u0144skiej rozdzielno\u015bci maj\u0105tkowej, tak\u017ce z dat\u0105 wsteczn\u0105<\/p>\n\n\n\n<p>&#8211; zwrotem wydatk\u00f3w lub nak\u0142ad\u00f3w na maj\u0105tek wsp\u00f3lny lub osobisty,<\/p>\n\n\n\n<p>&#8211; ustaleniem nier\u00f3wnych udzia\u0142\u00f3w we wsp\u00f3lnym maj\u0105tku,<\/p>\n\n\n\n<p>&#8211; ustaleniem ojcostwa,<\/p>\n\n\n\n<p>&#8211; zaprzeczeniem ojcostwa,<\/p>\n\n\n\n<p>&#8211; sprawami zwi\u0105zanymi z w\u0142adz\u0105 rodzicielsk\u0105 \u2013 pozbawienie lub ograniczenie w\u0142adzy rodzicielskiej,<\/p>\n\n\n\n<p>&#8211; ustaleniem kontakt\u00f3w z dzieckiem,<\/p>\n\n\n\n<p>&#8211; alimentami &#8211; ustalenie, podwy\u017cszenie, obni\u017cenie lub uchylenie aliment\u00f3w,<\/p>\n\n\n\n<p>&#8211; przysposobieniem ca\u0142kowitym lub cz\u0119\u015bciowym,<\/p>\n","protected":false},"excerpt":{"rendered":"<p>udzielanie porad prawnych, sporz\u0105dzanie pism przeds\u0105dowych, jak r\u00f3wnie\u017c pism procesowych, w tym np. pozew o rozw\u00f3d, pozew o alimenty oraz zast\u0119pstwo stron w sprawach s\u0105dowych, np. w sprawie o rozw\u00f3d, w sprawie o alimenty, w sprawie o kontakty z dzieckiem, w sprawie o w\u0142adz\u0119 rodzicielsk\u0105. Obejmuj\u0105 m.in. sprawy zwi\u0105zane z: &#8211; rozwodem i separacj\u0105 &#8211; [&hellip;]<\/p>\n","protected":false},"author":1,"featured_media":0,"parent":0,"menu_order":0,"comment_status":"closed","ping_status":"closed","template":"","meta":[],"_links":{"self":[{"href":"https:\/\/nowak-adwokat.pl\/index.php\/wp-json\/wp\/v2\/pages\/31"}],"collection":[{"href":"https:\/\/nowak-adwokat.pl\/index.php\/wp-json\/wp\/v2\/pages"}],"about":[{"href":"https:\/\/nowak-adwokat.pl\/index.php\/wp-json\/wp\/v2\/types\/page"}],"author":[{"embeddable":true,"href":"https:\/\/nowak-adwokat.pl\/index.php\/wp-json\/wp\/v2\/users\/1"}],"replies":[{"embeddable":true,"href":"https:\/\/nowak-adwokat.pl\/index.php\/wp-json\/wp\/v2\/comments?post=31"}],"version-history":[{"count":1,"href":"https:\/\/nowak-adwokat.pl\/index.php\/wp-json\/wp\/v2\/pages\/31\/revisions"}],"predecessor-version":[{"id":32,"href":"https:\/\/nowak-adwokat.pl\/index.php\/wp-json\/wp\/v2\/pages\/31\/revisions\/32"}],"wp:attachment":[{"href":"https:\/\/nowak-adwokat.pl\/index.php\/wp-json\/wp\/v2\/media?parent=31"}],"curies":[{"name":"wp","href":"https:\/\/api.w.org\/{rel}","templated":true}]}}