{"id":29,"date":"2023-06-20T19:15:19","date_gmt":"2023-06-20T19:15:19","guid":{"rendered":"https:\/\/nowak-adwokat.pl\/?page_id=29"},"modified":"2025-11-11T16:25:52","modified_gmt":"2025-11-11T16:25:52","slug":"prawo-karne","status":"publish","type":"page","link":"https:\/\/nowak-adwokat.pl\/index.php\/prawo-karne\/","title":{"rendered":"Prawo karne"},"content":{"rendered":"\n<p><a><\/a> Kancelaria zapewnia Klientom udzia\u0142 adwokata wyst\u0119puj\u0105cego w charakterze obro\u0144cy, jak r\u00f3wnie\u017c udzia\u0142 adwokata jako pe\u0142nomocnika pokrzywdzonego &#8211; oskar\u017cyciela posi\u0142kowego lub oskar\u017cyciela prywatnego. W sprawach dotycz\u0105cych m.in.<\/p>\n\n\n\n<p>&#8211; jazda pod wp\u0142ywem alkoholu<\/p>\n\n\n\n<p>&#8211; spowodowanie wypadku<\/p>\n\n\n\n<p>&#8211; odbywanie kary pozbawienia wolno\u015bci w systemie dozoru elektronicznego<\/p>\n\n\n\n<p>&#8211; posiadanie narkotyk\u00f3w<\/p>\n\n\n\n<p>&#8211; gro\u017aba karalna<\/p>\n\n\n\n<p>&#8211; pobicie i uszkodzenie cia\u0142a<\/p>\n\n\n\n<p>&#8211; kradzie\u017c<\/p>\n\n\n\n<p>&#8211; kradzie\u017c z w\u0142amaniem<\/p>\n\n\n\n<p>&#8211; rozb\u00f3j<\/p>\n\n\n\n<p>&#8211; kradzie\u017c rozb\u00f3jnicza<\/p>\n\n\n\n<p>&#8211; paserstwo<\/p>\n\n\n\n<p>&#8211; fa\u0142szowanie dokument\u00f3w<\/p>\n\n\n\n<p>&#8211; stalking<\/p>\n\n\n\n<p>&#8211; przest\u0119pstwa przeciwko wolno\u015bci seksualnej i obyczajno\u015bci<\/p>\n\n\n\n<p>&#8211; przest\u0119pstwa przeciwko obrotowi gospodarczemu<\/p>\n\n\n\n<p>&#8211; post\u0119powanie wykonawcze<\/p>\n\n\n\n<p>&#8211; warunkowe przedterminowe zwolnienie<\/p>\n\n\n\n<p>&#8211; odroczenia wykonania kary pozbawienia wolno\u015bci<\/p>\n\n\n\n<p>&#8211; przerwa w wykonywaniu kary pozbawienia wolno\u015bci<\/p>\n\n\n\n<p>&#8211; wstrzymanie wykonania zast\u0119pczej kary pozbawienia wolno\u015bci<\/p>\n\n\n\n<p>&#8211; sprawdzenie czy dana osoba jest poszukiwana, czy wydano za t\u0105 osob\u0105 list go\u0144czy lub postanowienie o tymczasowym aresztowaniu<\/p>\n\n\n\n<p><\/p>\n","protected":false},"excerpt":{"rendered":"<p>Kancelaria zapewnia Klientom udzia\u0142 adwokata wyst\u0119puj\u0105cego w charakterze obro\u0144cy, jak r\u00f3wnie\u017c udzia\u0142 adwokata jako pe\u0142nomocnika pokrzywdzonego &#8211; oskar\u017cyciela posi\u0142kowego lub oskar\u017cyciela prywatnego. W sprawach dotycz\u0105cych m.in. &#8211; jazda pod wp\u0142ywem alkoholu &#8211; spowodowanie wypadku &#8211; odbywanie kary pozbawienia wolno\u015bci w systemie dozoru elektronicznego &#8211; posiadanie narkotyk\u00f3w &#8211; gro\u017aba karalna &#8211; pobicie i uszkodzenie cia\u0142a &#8211; [&hellip;]<\/p>\n","protected":false},"author":1,"featured_media":0,"parent":0,"menu_order":0,"comment_status":"closed","ping_status":"closed","template":"","meta":[],"_links":{"self":[{"href":"https:\/\/nowak-adwokat.pl\/index.php\/wp-json\/wp\/v2\/pages\/29"}],"collection":[{"href":"https:\/\/nowak-adwokat.pl\/index.php\/wp-json\/wp\/v2\/pages"}],"about":[{"href":"https:\/\/nowak-adwokat.pl\/index.php\/wp-json\/wp\/v2\/types\/page"}],"author":[{"embeddable":true,"href":"https:\/\/nowak-adwokat.pl\/index.php\/wp-json\/wp\/v2\/users\/1"}],"replies":[{"embeddable":true,"href":"https:\/\/nowak-adwokat.pl\/index.php\/wp-json\/wp\/v2\/comments?post=29"}],"version-history":[{"count":3,"href":"https:\/\/nowak-adwokat.pl\/index.php\/wp-json\/wp\/v2\/pages\/29\/revisions"}],"predecessor-version":[{"id":183,"href":"https:\/\/nowak-adwokat.pl\/index.php\/wp-json\/wp\/v2\/pages\/29\/revisions\/183"}],"wp:attachment":[{"href":"https:\/\/nowak-adwokat.pl\/index.php\/wp-json\/wp\/v2\/media?parent=29"}],"curies":[{"name":"wp","href":"https:\/\/api.w.org\/{rel}","templated":true}]}}