{"id":23,"date":"2023-06-20T19:13:35","date_gmt":"2023-06-20T19:13:35","guid":{"rendered":"https:\/\/nowak-adwokat.pl\/?page_id=23"},"modified":"2024-11-03T16:48:12","modified_gmt":"2024-11-03T16:48:12","slug":"o-mnie","status":"publish","type":"page","link":"https:\/\/nowak-adwokat.pl\/index.php\/o-mnie\/","title":{"rendered":"O mnie"},"content":{"rendered":"\n<p><strong>Krzysztof Nowak<\/strong> \u2013 absolwent Wydzia\u0142u Prawa i Administracji Uniwersytetu Warszawskiego w Warszawie, cz\u0142onek Izby Adwokackiej w Kielcach.<\/p>\n\n\n\n<figure class=\"wp-block-image size-large is-resized\"><img decoding=\"async\" loading=\"lazy\" src=\"https:\/\/nowak-adwokat.pl\/wp-content\/uploads\/2023\/06\/D720300-683x1024.jpg\" alt=\"Krzysztof Nowak\" class=\"wp-image-85\" width=\"342\" height=\"512\" srcset=\"https:\/\/nowak-adwokat.pl\/wp-content\/uploads\/2023\/06\/D720300-683x1024.jpg 683w, https:\/\/nowak-adwokat.pl\/wp-content\/uploads\/2023\/06\/D720300-200x300.jpg 200w, https:\/\/nowak-adwokat.pl\/wp-content\/uploads\/2023\/06\/D720300-768x1151.jpg 768w, https:\/\/nowak-adwokat.pl\/wp-content\/uploads\/2023\/06\/D720300.jpg 1000w\" sizes=\"(max-width: 342px) 100vw, 342px\" \/><\/figure>\n\n\n\n<p>Posiadam uprawnienia mediatora \u2013 uko\u0144czy\u0142em studia podyplomowe Mediacja i inne metody alternatywnego rozwi\u0105zywania spor\u00f3w na Uniwersytecie Jagiello\u0144skim w Krakowie.<\/p>\n\n\n\n<p>Prawo to nie problem, prawo to rozwi\u0105zanie, za\u015b celem moich dzia\u0142a\u0144 jest szeroko rozumiane dobro Klienta i znajdowanie dla niego najlepszego wyj\u015bcia, przy zaanga\u017cowaniu najmniejszych \u015brodk\u00f3w. Jako adwokat w swojej pracy k\u0142ad\u0119 nacisk na zapewnienie Klientowi pe\u0142nej informacji faktycznej i prawnej na temat jego sprawy oraz systematyczne informowanie go o stanie sprawy.<\/p>\n\n\n\n<p><strong>Pomagam przede wszystkim osobom fizycznym w sporach s\u0105dowych poszukuj\u0105c najkorzystniejszych rozwi\u0105za\u0144. Proponowane dzia\u0142ania przedstawiam w postaci konkretnych mo\u017cliwych scenariuszy procesowych i pozaprocesowych.<\/strong><\/p>\n\n\n\n<p><strong>Dzi\u0119ki zaanga\u017cowaniu i konsekwentnemu d\u0105\u017ceniu do obranego celu skutecznie reprezentuj\u0119 swych mocodawc\u00f3w w post\u0119powaniach karnych, cywilnych, gospodarczych i administracyjnych.<\/strong><\/p>\n\n\n\n<p><\/p>\n\n\n\n<p><strong>Broni\u0119 interes\u00f3w swych klient\u00f3w przed s\u0105dami i urz\u0119dami na terenie ca\u0142ej Polski.<\/strong><\/p>\n\n\n\n<p><strong>Zapraszam do skorzystania z moich us\u0142ug.<\/strong><\/p>\n","protected":false},"excerpt":{"rendered":"<p>Krzysztof Nowak \u2013 absolwent Wydzia\u0142u Prawa i Administracji Uniwersytetu Warszawskiego w Warszawie, cz\u0142onek Izby Adwokackiej w Kielcach. Posiadam uprawnienia mediatora \u2013 uko\u0144czy\u0142em studia podyplomowe Mediacja i inne metody alternatywnego rozwi\u0105zywania spor\u00f3w na Uniwersytecie Jagiello\u0144skim w Krakowie. Prawo to nie problem, prawo to rozwi\u0105zanie, za\u015b celem moich dzia\u0142a\u0144 jest szeroko rozumiane dobro Klienta i znajdowanie dla [&hellip;]<\/p>\n","protected":false},"author":1,"featured_media":0,"parent":0,"menu_order":0,"comment_status":"closed","ping_status":"closed","template":"","meta":[],"_links":{"self":[{"href":"https:\/\/nowak-adwokat.pl\/index.php\/wp-json\/wp\/v2\/pages\/23"}],"collection":[{"href":"https:\/\/nowak-adwokat.pl\/index.php\/wp-json\/wp\/v2\/pages"}],"about":[{"href":"https:\/\/nowak-adwokat.pl\/index.php\/wp-json\/wp\/v2\/types\/page"}],"author":[{"embeddable":true,"href":"https:\/\/nowak-adwokat.pl\/index.php\/wp-json\/wp\/v2\/users\/1"}],"replies":[{"embeddable":true,"href":"https:\/\/nowak-adwokat.pl\/index.php\/wp-json\/wp\/v2\/comments?post=23"}],"version-history":[{"count":9,"href":"https:\/\/nowak-adwokat.pl\/index.php\/wp-json\/wp\/v2\/pages\/23\/revisions"}],"predecessor-version":[{"id":175,"href":"https:\/\/nowak-adwokat.pl\/index.php\/wp-json\/wp\/v2\/pages\/23\/revisions\/175"}],"wp:attachment":[{"href":"https:\/\/nowak-adwokat.pl\/index.php\/wp-json\/wp\/v2\/media?parent=23"}],"curies":[{"name":"wp","href":"https:\/\/api.w.org\/{rel}","templated":true}]}}