{"id":20,"date":"2023-06-20T19:12:24","date_gmt":"2023-06-20T19:12:24","guid":{"rendered":"https:\/\/nowak-adwokat.pl\/?page_id=20"},"modified":"2024-10-31T01:44:12","modified_gmt":"2024-10-31T01:44:12","slug":"kancelaria","status":"publish","type":"page","link":"https:\/\/nowak-adwokat.pl\/index.php\/kancelaria\/","title":{"rendered":"O kancelarii"},"content":{"rendered":"\n<p>Kancelaria Adwokacka adwokata <strong>Krzysztofa Nowaka<\/strong> zajmuje si\u0119 przede wszystkim \u015bwiadczeniem profesjonalnej pomocy prawnej osobom prywatnym i przedsi\u0119biorcom.<\/p>\n\n\n\n<div class=\"wp-block-columns is-layout-flex wp-container-3\">\n<div class=\"wp-block-column is-layout-flow\">\n<figure class=\"wp-block-image size-large\"><img decoding=\"async\" loading=\"lazy\" width=\"859\" height=\"1024\" src=\"https:\/\/nowak-adwokat.pl\/wp-content\/uploads\/2023\/06\/D720335-859x1024.jpg\" alt=\"ul. G\u00f3rzysta 14\/24 Ostrowiec \u015awi\u0119tokrzyski\" class=\"wp-image-90\" srcset=\"https:\/\/nowak-adwokat.pl\/wp-content\/uploads\/2023\/06\/D720335-859x1024.jpg 859w, https:\/\/nowak-adwokat.pl\/wp-content\/uploads\/2023\/06\/D720335-252x300.jpg 252w, https:\/\/nowak-adwokat.pl\/wp-content\/uploads\/2023\/06\/D720335-768x915.jpg 768w, https:\/\/nowak-adwokat.pl\/wp-content\/uploads\/2023\/06\/D720335.jpg 1000w\" sizes=\"(max-width: 859px) 100vw, 859px\" \/><\/figure>\n<\/div>\n\n\n\n<div class=\"wp-block-column is-layout-flow\">\n<figure class=\"wp-block-image size-large is-resized\"><img decoding=\"async\" loading=\"lazy\" src=\"https:\/\/nowak-adwokat.pl\/wp-content\/uploads\/2023\/06\/D720300-683x1024.jpg\" alt=\"Krzysztof Nowak\" class=\"wp-image-85\" width=\"275\" height=\"411\" srcset=\"https:\/\/nowak-adwokat.pl\/wp-content\/uploads\/2023\/06\/D720300-683x1024.jpg 683w, https:\/\/nowak-adwokat.pl\/wp-content\/uploads\/2023\/06\/D720300-200x300.jpg 200w, https:\/\/nowak-adwokat.pl\/wp-content\/uploads\/2023\/06\/D720300-768x1151.jpg 768w, https:\/\/nowak-adwokat.pl\/wp-content\/uploads\/2023\/06\/D720300.jpg 1000w\" sizes=\"(max-width: 275px) 100vw, 275px\" \/><\/figure>\n<\/div>\n<\/div>\n\n\n\n<p>W zakres \u015bwiadczonych us\u0142ug wchodzi mi\u0119dzy innymi: udzielanie porad prawnych, opracowywanie rozmaitych pism procesowych, opinii i um\u00f3w, reprezentowanie przed s\u0105dami powszechnymi, s\u0105dami administracyjnymi, organami administracji publicznej oraz organami \u015bcigania, jak i tak\u017ce reprezentacj\u0105 klient\u00f3w na etapie przeds\u0105dowym i prowadzeniem negocjacji.<\/p>\n\n\n\n<p><\/p>\n\n\n\n<p>W tym samym lokalu Kancelari\u0119 Adwokack\u0105 prowadzi adw. Andrzej Kotwa i adw. Olgierd Miedzyb\u0142ocki, kt\u00f3rzy specjalizuj\u0105 si\u0119 prawem karnym, prawem cywilnym, prawem rodzinnym i prawem gospodarczym.<\/p>\n","protected":false},"excerpt":{"rendered":"<p>Kancelaria Adwokacka adwokata Krzysztofa Nowaka zajmuje si\u0119 przede wszystkim \u015bwiadczeniem profesjonalnej pomocy prawnej osobom prywatnym i przedsi\u0119biorcom. W zakres \u015bwiadczonych us\u0142ug wchodzi mi\u0119dzy innymi: udzielanie porad prawnych, opracowywanie rozmaitych pism procesowych, opinii i um\u00f3w, reprezentowanie przed s\u0105dami powszechnymi, s\u0105dami administracyjnymi, organami administracji publicznej oraz organami \u015bcigania, jak i tak\u017ce reprezentacj\u0105 klient\u00f3w na etapie przeds\u0105dowym i [&hellip;]<\/p>\n","protected":false},"author":1,"featured_media":0,"parent":0,"menu_order":0,"comment_status":"closed","ping_status":"closed","template":"","meta":[],"_links":{"self":[{"href":"https:\/\/nowak-adwokat.pl\/index.php\/wp-json\/wp\/v2\/pages\/20"}],"collection":[{"href":"https:\/\/nowak-adwokat.pl\/index.php\/wp-json\/wp\/v2\/pages"}],"about":[{"href":"https:\/\/nowak-adwokat.pl\/index.php\/wp-json\/wp\/v2\/types\/page"}],"author":[{"embeddable":true,"href":"https:\/\/nowak-adwokat.pl\/index.php\/wp-json\/wp\/v2\/users\/1"}],"replies":[{"embeddable":true,"href":"https:\/\/nowak-adwokat.pl\/index.php\/wp-json\/wp\/v2\/comments?post=20"}],"version-history":[{"count":11,"href":"https:\/\/nowak-adwokat.pl\/index.php\/wp-json\/wp\/v2\/pages\/20\/revisions"}],"predecessor-version":[{"id":165,"href":"https:\/\/nowak-adwokat.pl\/index.php\/wp-json\/wp\/v2\/pages\/20\/revisions\/165"}],"wp:attachment":[{"href":"https:\/\/nowak-adwokat.pl\/index.php\/wp-json\/wp\/v2\/media?parent=20"}],"curies":[{"name":"wp","href":"https:\/\/api.w.org\/{rel}","templated":true}]}}