{"id":136,"date":"2023-07-01T15:51:33","date_gmt":"2023-07-01T15:51:33","guid":{"rendered":"https:\/\/nowak-adwokat.pl\/?page_id=136"},"modified":"2023-07-01T17:01:44","modified_gmt":"2023-07-01T17:01:44","slug":"prawo-administracyjne","status":"publish","type":"page","link":"https:\/\/nowak-adwokat.pl\/index.php\/prawo-administracyjne\/","title":{"rendered":"PRAWO ADMINISTRACYJNE"},"content":{"rendered":"\n<p>Przygotowanie dokument\u00f3w sk\u0142adanych w urz\u0119dach i reprezentacja Klient\u00f3w w sytuacji kontaktu z organami administracyjnymi r\u00f3wnie\u017c wchodz\u0105 w zakres dzia\u0142a\u0144 prawnych podejmowanych przez moj\u0105 Kancelari\u0119.<\/p>\n\n\n\n<p>Pomoc prawna w zakresie prawa administracyjnego obejmuje:<\/p>\n\n\n\n<p>&#8211; reprezentacja przed organami administracyjnymi, urz\u0119dami<\/p>\n\n\n\n<p>&#8211; reprezentacja przed s\u0105dami administracyjnymi<\/p>\n\n\n\n<p>&#8211; sporz\u0105dzanie pism administracyjnych:<\/p>\n\n\n\n<ul>\n<li>odwo\u0142anie od decyzji organu I inst.<\/li>\n\n\n\n<li>skargi do Wojew\u00f3dzkiego S\u0105du Administracyjnego<\/li>\n\n\n\n<li>skargi kasacyjnej do Naczelnego S\u0105du Administracyjnego<\/li>\n<\/ul>\n\n\n\n<p>&#8211; porady prawne.<\/p>\n","protected":false},"excerpt":{"rendered":"<p>Przygotowanie dokument\u00f3w sk\u0142adanych w urz\u0119dach i reprezentacja Klient\u00f3w w sytuacji kontaktu z organami administracyjnymi r\u00f3wnie\u017c wchodz\u0105 w zakres dzia\u0142a\u0144 prawnych podejmowanych przez moj\u0105 Kancelari\u0119. Pomoc prawna w zakresie prawa administracyjnego obejmuje: &#8211; reprezentacja przed organami administracyjnymi, urz\u0119dami &#8211; reprezentacja przed s\u0105dami administracyjnymi &#8211; sporz\u0105dzanie pism administracyjnych: &#8211; porady prawne.<\/p>\n","protected":false},"author":2,"featured_media":0,"parent":0,"menu_order":0,"comment_status":"closed","ping_status":"closed","template":"","meta":[],"_links":{"self":[{"href":"https:\/\/nowak-adwokat.pl\/index.php\/wp-json\/wp\/v2\/pages\/136"}],"collection":[{"href":"https:\/\/nowak-adwokat.pl\/index.php\/wp-json\/wp\/v2\/pages"}],"about":[{"href":"https:\/\/nowak-adwokat.pl\/index.php\/wp-json\/wp\/v2\/types\/page"}],"author":[{"embeddable":true,"href":"https:\/\/nowak-adwokat.pl\/index.php\/wp-json\/wp\/v2\/users\/2"}],"replies":[{"embeddable":true,"href":"https:\/\/nowak-adwokat.pl\/index.php\/wp-json\/wp\/v2\/comments?post=136"}],"version-history":[{"count":1,"href":"https:\/\/nowak-adwokat.pl\/index.php\/wp-json\/wp\/v2\/pages\/136\/revisions"}],"predecessor-version":[{"id":137,"href":"https:\/\/nowak-adwokat.pl\/index.php\/wp-json\/wp\/v2\/pages\/136\/revisions\/137"}],"wp:attachment":[{"href":"https:\/\/nowak-adwokat.pl\/index.php\/wp-json\/wp\/v2\/media?parent=136"}],"curies":[{"name":"wp","href":"https:\/\/api.w.org\/{rel}","templated":true}]}}