{"id":134,"date":"2023-07-01T15:51:08","date_gmt":"2023-07-01T15:51:08","guid":{"rendered":"https:\/\/nowak-adwokat.pl\/?page_id=134"},"modified":"2023-07-01T15:51:08","modified_gmt":"2023-07-01T15:51:08","slug":"prawo-gospodarcze","status":"publish","type":"page","link":"https:\/\/nowak-adwokat.pl\/index.php\/prawo-gospodarcze\/","title":{"rendered":"PRAWO GOSPODARCZE"},"content":{"rendered":"\n<p>Pomoc z zakresu prawa gospodarczego obejmuje:<\/p>\n\n\n\n<p>&#8211; sporz\u0105dzanie pism procesowych,<\/p>\n\n\n\n<p>&#8211; czynny udzia\u0142 w sprawach s\u0105dowych,<\/p>\n\n\n\n<p>&#8211; prowadzenie czynno\u015bci s\u0105dowych i pozas\u0105dowych,<\/p>\n\n\n\n<p>&#8211; doradztwo prawne,<\/p>\n\n\n\n<p>&#8211; sporz\u0105dzanie um\u00f3w.<\/p>\n","protected":false},"excerpt":{"rendered":"<p>Pomoc z zakresu prawa gospodarczego obejmuje: &#8211; sporz\u0105dzanie pism procesowych, &#8211; czynny udzia\u0142 w sprawach s\u0105dowych, &#8211; prowadzenie czynno\u015bci s\u0105dowych i pozas\u0105dowych, &#8211; doradztwo prawne, &#8211; sporz\u0105dzanie um\u00f3w.<\/p>\n","protected":false},"author":2,"featured_media":0,"parent":0,"menu_order":0,"comment_status":"closed","ping_status":"closed","template":"","meta":[],"_links":{"self":[{"href":"https:\/\/nowak-adwokat.pl\/index.php\/wp-json\/wp\/v2\/pages\/134"}],"collection":[{"href":"https:\/\/nowak-adwokat.pl\/index.php\/wp-json\/wp\/v2\/pages"}],"about":[{"href":"https:\/\/nowak-adwokat.pl\/index.php\/wp-json\/wp\/v2\/types\/page"}],"author":[{"embeddable":true,"href":"https:\/\/nowak-adwokat.pl\/index.php\/wp-json\/wp\/v2\/users\/2"}],"replies":[{"embeddable":true,"href":"https:\/\/nowak-adwokat.pl\/index.php\/wp-json\/wp\/v2\/comments?post=134"}],"version-history":[{"count":1,"href":"https:\/\/nowak-adwokat.pl\/index.php\/wp-json\/wp\/v2\/pages\/134\/revisions"}],"predecessor-version":[{"id":135,"href":"https:\/\/nowak-adwokat.pl\/index.php\/wp-json\/wp\/v2\/pages\/134\/revisions\/135"}],"wp:attachment":[{"href":"https:\/\/nowak-adwokat.pl\/index.php\/wp-json\/wp\/v2\/media?parent=134"}],"curies":[{"name":"wp","href":"https:\/\/api.w.org\/{rel}","templated":true}]}}