{"id":132,"date":"2023-07-01T15:50:50","date_gmt":"2023-07-01T15:50:50","guid":{"rendered":"https:\/\/nowak-adwokat.pl\/?page_id=132"},"modified":"2023-07-01T15:50:50","modified_gmt":"2023-07-01T15:50:50","slug":"obsluga-firm","status":"publish","type":"page","link":"https:\/\/nowak-adwokat.pl\/index.php\/obsluga-firm\/","title":{"rendered":"OBS\u0141UGA FIRM"},"content":{"rendered":"\n<p>Obs\u0142uga os\u00f3b prowadz\u0105cych dzia\u0142alno\u015b\u0107 gospodarcz\u0105 obejmuje:<\/p>\n\n\n\n<p>&#8211; reprezentowanie w post\u0119powaniu s\u0105dowym,<\/p>\n\n\n\n<p>&#8211; reprezentowanie w sprawach pozas\u0105dowych,<\/p>\n\n\n\n<p>&#8211; pomoc w dochodzeniu nale\u017cno\u015bci,<\/p>\n\n\n\n<p>&#8211; pomoc prawna.<\/p>\n","protected":false},"excerpt":{"rendered":"<p>Obs\u0142uga os\u00f3b prowadz\u0105cych dzia\u0142alno\u015b\u0107 gospodarcz\u0105 obejmuje: &#8211; reprezentowanie w post\u0119powaniu s\u0105dowym, &#8211; reprezentowanie w sprawach pozas\u0105dowych, &#8211; pomoc w dochodzeniu nale\u017cno\u015bci, &#8211; pomoc prawna.<\/p>\n","protected":false},"author":2,"featured_media":0,"parent":0,"menu_order":0,"comment_status":"closed","ping_status":"closed","template":"","meta":[],"_links":{"self":[{"href":"https:\/\/nowak-adwokat.pl\/index.php\/wp-json\/wp\/v2\/pages\/132"}],"collection":[{"href":"https:\/\/nowak-adwokat.pl\/index.php\/wp-json\/wp\/v2\/pages"}],"about":[{"href":"https:\/\/nowak-adwokat.pl\/index.php\/wp-json\/wp\/v2\/types\/page"}],"author":[{"embeddable":true,"href":"https:\/\/nowak-adwokat.pl\/index.php\/wp-json\/wp\/v2\/users\/2"}],"replies":[{"embeddable":true,"href":"https:\/\/nowak-adwokat.pl\/index.php\/wp-json\/wp\/v2\/comments?post=132"}],"version-history":[{"count":1,"href":"https:\/\/nowak-adwokat.pl\/index.php\/wp-json\/wp\/v2\/pages\/132\/revisions"}],"predecessor-version":[{"id":133,"href":"https:\/\/nowak-adwokat.pl\/index.php\/wp-json\/wp\/v2\/pages\/132\/revisions\/133"}],"wp:attachment":[{"href":"https:\/\/nowak-adwokat.pl\/index.php\/wp-json\/wp\/v2\/media?parent=132"}],"curies":[{"name":"wp","href":"https:\/\/api.w.org\/{rel}","templated":true}]}}