{"id":130,"date":"2023-07-01T15:50:18","date_gmt":"2023-07-01T15:50:18","guid":{"rendered":"https:\/\/nowak-adwokat.pl\/?page_id=130"},"modified":"2023-07-01T15:50:18","modified_gmt":"2023-07-01T15:50:18","slug":"odszkodowanie","status":"publish","type":"page","link":"https:\/\/nowak-adwokat.pl\/index.php\/odszkodowanie\/","title":{"rendered":"ODSZKODOWANIE"},"content":{"rendered":"\n<p>Kancelaria Adwokacka reprezentuje Klient\u00f3w w sprawach o odszkodowanie oraz zado\u015b\u0107uczynienie. Pomoc prawna, w zale\u017cno\u015bci od potrzeb Klient\u00f3w, mo\u017ce polega\u0107 na udzieleniu porady prawnej, jak r\u00f3wnie\u017c stanowi\u0107 kompleksow\u0105 obs\u0142ug\u0119 prawn\u0105 zwi\u0105zan\u0105 z dochodzeniem przez poszkodowanego odszkodowania oraz zado\u015b\u0107uczynienia. Reprezentuje Klient\u00f3w przez adwokata Krzysztofa Nowaka jest od momentu zg\u0142oszenia szkody, poprzez za\u0142atwianie wszelkich formalno\u015bci przed towarzystwami ubezpieczeniowymi, a gdy nie dojdzie do ugody pozas\u0105dowej, tak\u017ce na etapie post\u0119powania s\u0105dowego.<\/p>\n\n\n\n<p>W sytuacji, gdy ubezpieczyciel zani\u017ca kwot\u0119 nale\u017cnego odszkodowania albo odmawia wyp\u0142aty odszkodowania, adwokat Krzysztof Nowak pomaga oszacowa\u0107 Klientowi szans\u0119 na wygranie sprawy, jak r\u00f3wnie\u017c wysoko\u015b\u0107 nale\u017cnego odszkodowania oraz zado\u015b\u0107uczynienia.<\/p>\n\n\n\n<p>Sprawa o odszkodowanie to trudna sprawa, a ubezpieczyciel d\u0105\u017cy zawsze do odmowy wyp\u0142aty odszkodowania albo jego zani\u017cenia. Poszkodowani cz\u0119sto nie posiadaj\u0105 wiedzy odno\u015bnie tego, jakie przys\u0142uguj\u0105 im prawa, co prowadzi niejednokrotnie do przedawnienia roszcze\u0144 i braku mo\u017cliwo\u015bci ich dochodzenia po kilku latach od zdarzenia.<\/p>\n\n\n\n<p>Kancelaria Adwokacka prowadzi sprawy o odszkodowanie komunikacyjne oraz odszkodowanie powypadkowe.<\/p>\n\n\n\n<p>S\u0105 to m. in. sprawy o:<\/p>\n\n\n\n<p>&#8211; odszkodowanie z OC sprawcy wypadku<\/p>\n\n\n\n<p>&#8211; odszkodowanie z AC<\/p>\n\n\n\n<p>&#8211; odszkodowanie dla poszkodowanego na skutek wypadku<\/p>\n\n\n\n<p>&#8211; odszkodowanie z tytu\u0142u uszczerbku na zdrowiu<\/p>\n\n\n\n<p>&#8211; zado\u015b\u0107uczynienie za uszkodzenie cia\u0142a lub rozstr\u00f3j zdrowia<\/p>\n\n\n\n<p>&#8211; zado\u015b\u0107uczynienie za doznan\u0105 krzywd\u0119<\/p>\n\n\n\n<p>&#8211; zado\u015b\u0107uczynienie z tytu\u0142u \u015bmierci dla os\u00f3b najbli\u017cszych<\/p>\n\n\n\n<p>&#8211; utrat\u0119 warto\u015bci pojazdu na skutek wypadku<\/p>\n\n\n\n<p>&#8211; dop\u0142at\u0119 do zani\u017conego odszkodowania<\/p>\n\n\n\n<p>Kancelaria Adwokacka prowadzi tak\u017ce sprawy o odszkodowania maj\u0105tkowe z tytu\u0142u zawartych um\u00f3w ubezpiecze\u0144. Np. &nbsp;odszkodowanie z tytu\u0142u po\u017caru, odszkodowanie z tytu\u0142u kradzie\u017cy lub zniszczenia mienia. odszkodowanie z tytu\u0142u zalania, odszkodowanie z tytu\u0142u zniszczenia domu lub mieszkania,<\/p>\n\n\n\n<p>Kancelaria Adwokacka pomaga w dochodzeniu odszkodowania za wypadek przy pracy, jak r\u00f3wnie\u017c prowadzi sprawy o ochron\u0119 d\u00f3br osobistych i dochodzenie zado\u015b\u0107uczynienia z tytu\u0142u naruszenia d\u00f3br osobistych.<\/p>\n\n\n\n<p>Spor\u0105 cz\u0119\u015b\u0107 spraw stanowi\u0105 sprawy o odszkodowanie za b\u0142\u0105d medyczny i odszkodowanie za b\u0142\u0105d w sztuce lekarskiej. S\u0105 to trudne sprawy, wymagaj\u0105ce niejednokrotnie wywo\u0142ania na etapie s\u0105dowym opinii bieg\u0142ych s\u0105dowych r\u00f3\u017cnych specjalizacji. Nadto, cz\u0119sto osoba poszkodowana b\u0142\u0119dem w leczeniu, cierpi psychicznie oraz fizycznie w skutek sta\u0142ego lub czasowego uszczerbku na zdrowiu, co wyklucza j\u0105 z samodzielnej walki o odszkodowanie i zado\u015b\u0107uczynienie.<\/p>\n\n\n\n<p>Adwokat &nbsp;Krzysztof Nowak reprezentuje tak\u017ce:<\/p>\n\n\n\n<ol type=\"a\">\n<li>pokrzywdzonego w dochodzeniu przez niego od sprawcy przest\u0119pstwa naprawienia szkody lub zado\u015b\u0107uczynienia za doznan\u0105 krzywd\u0119 na etapie post\u0119powania karnego<\/li>\n\n\n\n<li>Klient\u00f3w w sprawach o odszkodowanie za nies\u0142uszne tymczasowe aresztowanie oraz w sprawach o odszkodowanie od zak\u0142adu karnego za utrat\u0119 zdrowia.<\/li>\n<\/ol>\n","protected":false},"excerpt":{"rendered":"<p>Kancelaria Adwokacka reprezentuje Klient\u00f3w w sprawach o odszkodowanie oraz zado\u015b\u0107uczynienie. Pomoc prawna, w zale\u017cno\u015bci od potrzeb Klient\u00f3w, mo\u017ce polega\u0107 na udzieleniu porady prawnej, jak r\u00f3wnie\u017c stanowi\u0107 kompleksow\u0105 obs\u0142ug\u0119 prawn\u0105 zwi\u0105zan\u0105 z dochodzeniem przez poszkodowanego odszkodowania oraz zado\u015b\u0107uczynienia. Reprezentuje Klient\u00f3w przez adwokata Krzysztofa Nowaka jest od momentu zg\u0142oszenia szkody, poprzez za\u0142atwianie wszelkich formalno\u015bci przed towarzystwami ubezpieczeniowymi, [&hellip;]<\/p>\n","protected":false},"author":2,"featured_media":0,"parent":0,"menu_order":0,"comment_status":"closed","ping_status":"closed","template":"","meta":[],"_links":{"self":[{"href":"https:\/\/nowak-adwokat.pl\/index.php\/wp-json\/wp\/v2\/pages\/130"}],"collection":[{"href":"https:\/\/nowak-adwokat.pl\/index.php\/wp-json\/wp\/v2\/pages"}],"about":[{"href":"https:\/\/nowak-adwokat.pl\/index.php\/wp-json\/wp\/v2\/types\/page"}],"author":[{"embeddable":true,"href":"https:\/\/nowak-adwokat.pl\/index.php\/wp-json\/wp\/v2\/users\/2"}],"replies":[{"embeddable":true,"href":"https:\/\/nowak-adwokat.pl\/index.php\/wp-json\/wp\/v2\/comments?post=130"}],"version-history":[{"count":1,"href":"https:\/\/nowak-adwokat.pl\/index.php\/wp-json\/wp\/v2\/pages\/130\/revisions"}],"predecessor-version":[{"id":131,"href":"https:\/\/nowak-adwokat.pl\/index.php\/wp-json\/wp\/v2\/pages\/130\/revisions\/131"}],"wp:attachment":[{"href":"https:\/\/nowak-adwokat.pl\/index.php\/wp-json\/wp\/v2\/media?parent=130"}],"curies":[{"name":"wp","href":"https:\/\/api.w.org\/{rel}","templated":true}]}}