{"id":128,"date":"2023-07-01T15:49:37","date_gmt":"2023-07-01T15:49:37","guid":{"rendered":"https:\/\/nowak-adwokat.pl\/?page_id=128"},"modified":"2023-07-01T15:49:37","modified_gmt":"2023-07-01T15:49:37","slug":"prawo-nieruchomosci","status":"publish","type":"page","link":"https:\/\/nowak-adwokat.pl\/index.php\/prawo-nieruchomosci\/","title":{"rendered":"PRAWO NIERUCHOMO\u015aCI"},"content":{"rendered":"\n<p>Kancelaria Adwokacka \u015bwiadczy kompleksow\u0105 obs\u0142ug\u0119 prawn\u0105 Klienta zwi\u0105zan\u0105 z nieruchomo\u015bciami.<\/p>\n\n\n\n<p>Kancelaria Adwokacka prowadzi obs\u0142ug\u0119 prawn\u0105 Deweloper\u00f3w, jak r\u00f3wnie\u017c obs\u0142uguje prawnie i wsp\u00f3\u0142pracuje z Zarz\u0105dcami Nieruchomo\u015bci.<\/p>\n\n\n\n<p>Jako przyk\u0142adowe us\u0142ugi w zakresie prawa nieruchomo\u015bci nale\u017cy wymieni\u0107:<\/p>\n\n\n\n<p>&#8211; czynno\u015bci zmierzaj\u0105ce do uregulowania stanu prawnego nieruchomo\u015bci (w tym np. sprawy spadkowe, sprawy o eksmisj\u0119, sprawy dotycz\u0105ce wspis\u00f3w w ksi\u0119gach wieczystych),<\/p>\n\n\n\n<p>&#8211; reprezentacja Klient\u00f3w w sprawach o:<\/p>\n\n\n\n<ul>\n<li>zasiedzenie nieruchomo\u015bci lub uw\u0142aszczenie nieruchomo\u015bci<\/li>\n\n\n\n<li>zniesienie wsp\u00f3\u0142w\u0142asno\u015bci nieruchomo\u015bci<\/li>\n\n\n\n<li>wydanie nieruchomo\u015bci<\/li>\n\n\n\n<li>rozgraniczenie nieruchomo\u015bci<\/li>\n\n\n\n<li>odwo\u0142anie darowizny<\/li>\n\n\n\n<li>dzia\u0142 spadku oraz podzia\u0142 maj\u0105tku w zakresie nieruchomo\u015bci<\/li>\n\n\n\n<li>ustanowienie lub zniesienie s\u0142u\u017cebno\u015bci,<\/li>\n\n\n\n<li>o eksmisj\u0119, jak r\u00f3wnie\u017c sprawach zwi\u0105zanych z prawem lokalem socjalnym<\/li>\n\n\n\n<li>przed S\u0105dami wieczystoksi\u0119gowymi (np. w zakresie wpisu w\u0142a\u015bciciela, wpisu lub wykre\u015blenia wpisu dotycz\u0105cego hipoteki, s\u0142u\u017cebno\u015bci)<\/li>\n<\/ul>\n\n\n\n<p>&#8211; sporz\u0105dzanie oraz opiniowanie um\u00f3w najmu, dzier\u017cawy lub u\u017cyczenia nieruchomo\u015bci, um\u00f3w darowizny nieruchomo\u015bci,<\/p>\n\n\n\n<p>&#8211; czynno\u015bci zwi\u0105zane z obs\u0142uga prawn\u0105 transakcji w obrocie nieruchomo\u015bciami, w tym np. opiniowanie oraz sporz\u0105dzanie um\u00f3w w zakresie sprzeda\u017cy i nabycia nieruchomo\u015bci.<\/p>\n\n\n\n<p>Sprawy z zakresu prawa nieruchomo\u015bci wymagaj\u0105 niejednokrotnie dokonania tak\u017ce czynno\u015bci w Kancelarii Notarialnej. Kancelaria Adwokacka wsp\u00f3\u0142pracuje z Notariuszami, co pozwala nam na kompleksow\u0105 i sprawn\u0105 Pa\u0144stwa obs\u0142ug\u0119.<\/p>\n","protected":false},"excerpt":{"rendered":"<p>Kancelaria Adwokacka \u015bwiadczy kompleksow\u0105 obs\u0142ug\u0119 prawn\u0105 Klienta zwi\u0105zan\u0105 z nieruchomo\u015bciami. Kancelaria Adwokacka prowadzi obs\u0142ug\u0119 prawn\u0105 Deweloper\u00f3w, jak r\u00f3wnie\u017c obs\u0142uguje prawnie i wsp\u00f3\u0142pracuje z Zarz\u0105dcami Nieruchomo\u015bci. Jako przyk\u0142adowe us\u0142ugi w zakresie prawa nieruchomo\u015bci nale\u017cy wymieni\u0107: &#8211; czynno\u015bci zmierzaj\u0105ce do uregulowania stanu prawnego nieruchomo\u015bci (w tym np. sprawy spadkowe, sprawy o eksmisj\u0119, sprawy dotycz\u0105ce wspis\u00f3w w ksi\u0119gach [&hellip;]<\/p>\n","protected":false},"author":2,"featured_media":0,"parent":0,"menu_order":0,"comment_status":"closed","ping_status":"closed","template":"","meta":[],"_links":{"self":[{"href":"https:\/\/nowak-adwokat.pl\/index.php\/wp-json\/wp\/v2\/pages\/128"}],"collection":[{"href":"https:\/\/nowak-adwokat.pl\/index.php\/wp-json\/wp\/v2\/pages"}],"about":[{"href":"https:\/\/nowak-adwokat.pl\/index.php\/wp-json\/wp\/v2\/types\/page"}],"author":[{"embeddable":true,"href":"https:\/\/nowak-adwokat.pl\/index.php\/wp-json\/wp\/v2\/users\/2"}],"replies":[{"embeddable":true,"href":"https:\/\/nowak-adwokat.pl\/index.php\/wp-json\/wp\/v2\/comments?post=128"}],"version-history":[{"count":1,"href":"https:\/\/nowak-adwokat.pl\/index.php\/wp-json\/wp\/v2\/pages\/128\/revisions"}],"predecessor-version":[{"id":129,"href":"https:\/\/nowak-adwokat.pl\/index.php\/wp-json\/wp\/v2\/pages\/128\/revisions\/129"}],"wp:attachment":[{"href":"https:\/\/nowak-adwokat.pl\/index.php\/wp-json\/wp\/v2\/media?parent=128"}],"curies":[{"name":"wp","href":"https:\/\/api.w.org\/{rel}","templated":true}]}}